{"id":66,"date":"2026-01-23T12:01:18","date_gmt":"2026-01-23T11:01:18","guid":{"rendered":"https:\/\/arcasbaltyk.pl\/?page_id=66"},"modified":"2026-02-27T08:03:04","modified_gmt":"2026-02-27T07:03:04","slug":"uslugi","status":"publish","type":"page","link":"https:\/\/arcasbaltyk.pl\/en\/uslugi\/","title":{"rendered":"Services"},"content":{"rendered":"<style>.kb-row-layout-id66_94956b-7d > .kt-row-column-wrap{align-content:start;}:where(.kb-row-layout-id66_94956b-7d > .kt-row-column-wrap) > .wp-block-kadence-column{justify-content:start;}.kb-row-layout-id66_94956b-7d > .kt-row-column-wrap{column-gap:var(--global-kb-gap-md, 2rem);row-gap:var(--global-kb-gap-md, 2rem);max-width:var( --global-content-width, 1490px );padding-left:var(--global-content-edge-padding);padding-right:var(--global-content-edge-padding);padding-top:var(--global-kb-spacing-lg, 3rem);padding-bottom:var(--global-kb-spacing-lg, 3rem);grid-template-columns:minmax(0, 1fr);}.kb-row-layout-id66_94956b-7d > .kt-row-layout-overlay{opacity:0.03;background-image:url('https://spcdn.shortpixel.ai/spio/ret_img,q_cdnize,to_avif,s_avif/arcasbaltyk.pl/wp-content/uploads/2026/01/arcas-logo-black.svg');background-size:contain;background-position:50% 50%;background-attachment:fixed;background-repeat:no-repeat;}@media all and (max-width: 1024px), only screen and (min-device-width: 1024px) and (max-device-width: 1366px) and (-webkit-min-device-pixel-ratio: 2) and (hover: none){.kb-row-layout-id66_94956b-7d > .kt-row-layout-overlay{background-attachment:scroll;}}@media all and (max-width: 1024px){.kb-row-layout-id66_94956b-7d > .kt-row-column-wrap{grid-template-columns:minmax(0, 1fr);}}@media all and (max-width: 767px){.kb-row-layout-id66_94956b-7d > .kt-row-column-wrap{grid-template-columns:minmax(0, 1fr);}}.single-content h3 {\r    margin: 0em 0 .5em;\r}<\/style><div class=\"kb-row-layout-wrap kb-row-layout-id66_94956b-7d alignnone kt-row-has-bg wp-block-kadence-rowlayout\"><div class=\"kt-row-layout-overlay kt-row-overlay-normal kt-jarallax\"><\/div><div class=\"kt-row-column-wrap kt-has-1-columns kt-row-layout-equal kt-tab-layout-inherit kt-mobile-layout-row kt-row-valign-top kb-theme-content-width\">\n<style>.kadence-column66_d4998c-28 > .kt-inside-inner-col,.kadence-column66_d4998c-28 > .kt-inside-inner-col:before{border-top-left-radius:0px;border-top-right-radius:0px;border-bottom-right-radius:0px;border-bottom-left-radius:0px;}.kadence-column66_d4998c-28 > .kt-inside-inner-col{column-gap:var(--global-kb-gap-sm, 1rem);}.kadence-column66_d4998c-28 > .kt-inside-inner-col{flex-direction:column;}.kadence-column66_d4998c-28 > .kt-inside-inner-col > .aligncenter{width:100%;}.kadence-column66_d4998c-28 > .kt-inside-inner-col:before{opacity:0.3;}.kadence-column66_d4998c-28{position:relative;}@media all and (max-width: 1024px){.kadence-column66_d4998c-28 > .kt-inside-inner-col{flex-direction:column;justify-content:center;}}@media all and (max-width: 767px){.kadence-column66_d4998c-28 > .kt-inside-inner-col{flex-direction:column;justify-content:center;}}<\/style>\n<div class=\"wp-block-kadence-column kadence-column66_d4998c-28\"><div class=\"kt-inside-inner-col\"><style>.wp-block-kadence-advancedheading.kt-adv-heading66_a3aa78-eb, .wp-block-kadence-advancedheading.kt-adv-heading66_a3aa78-eb[data-kb-block=\"kb-adv-heading66_a3aa78-eb\"]{font-size:var(--global-kb-font-size-xl, 3rem);font-style:normal;}.wp-block-kadence-advancedheading.kt-adv-heading66_a3aa78-eb, .wp-block-kadence-advancedheading.kt-adv-heading66_a3aa78-eb[data-kb-block=\"kb-adv-heading66_a3aa78-eb\"] .kb-adv-text-inner{background-image:linear-gradient(90deg,var(--global-palette2) 0%,var(--global-palette1) 100%);background-clip:text;-webkit-box-decoration-break:clone;box-decoration-break:clone;-webkit-background-clip:text;-webkit-text-fill-color:transparent;}.wp-block-kadence-advancedheading.kt-adv-heading66_a3aa78-eb mark.kt-highlight, .wp-block-kadence-advancedheading.kt-adv-heading66_a3aa78-eb[data-kb-block=\"kb-adv-heading66_a3aa78-eb\"] mark.kt-highlight{font-style:normal;-webkit-text-fill-color:initial !important;-webkit-background-clip:initial !important;background-clip:initial !important;color:#f76a0c;-webkit-box-decoration-break:clone;box-decoration-break:clone;padding-top:0px;padding-right:0px;padding-bottom:0px;padding-left:0px;}.wp-block-kadence-advancedheading.kt-adv-heading66_a3aa78-eb img.kb-inline-image, .wp-block-kadence-advancedheading.kt-adv-heading66_a3aa78-eb[data-kb-block=\"kb-adv-heading66_a3aa78-eb\"] img.kb-inline-image{width:150px;vertical-align:baseline;}<\/style><h1 class=\"kt-adv-heading66_a3aa78-eb wp-block-kadence-advancedheading\" data-kb-block=\"kb-adv-heading66_a3aa78-eb\" data-aos=\"fade-up\" data-aos-duration=\"800\" data-aos-easing=\"ease-in-out-back\"><span class=\"kb-adv-text-inner\">Nasze us\u0142ugi<\/span><\/h1>\n\n        <div id=\"arcas-services-6a080c824f15f\" \n             class=\"arcas-services-list arcas-services-style-timeline arcas-services-num-large has-numbers has-decorations\"\n             data-animate=\"true\"\n             style=\"--arcas-frame-color: #141414; --arcas-accent-color: #555555; --arcas-line-weight: 2px; --arcas-title-size: 22px; --arcas-title-size-mobile: 18px; --arcas-description-size: 17px; --arcas-description-size-mobile: 15px; --arcas-number-size: 54px; --arcas-number-size-mobile: 48px;\">\n            \n                        \n            <div class=\"arcas-services-items\">\n                                <div class=\"arcas-service-item\" data-index=\"0\">\n                    \n                                        <div class=\"arcas-service-number\">\n                        <span class=\"arcas-service-number-text\">01<\/span>\n                                                <span class=\"arcas-service-deco arcas-service-deco-line\"><\/span>\n                                            <\/div>\n                                        \n                                        \n                    <div class=\"arcas-service-content\">\n                                                <span class=\"arcas-service-deco arcas-service-deco-corner\"><\/span>\n                                                \n                                                <h3 class=\"arcas-service-title\">Studium wykonalno\u015bci i analizy ch\u0142onno\u015bci<\/h3>\n                                                \n                                                <div class=\"arcas-service-description\">\n                            Precyzyjna ocena potencja\u0142u dzia\u0142ki: mo\u017cliwo\u015bci zabudowy, ryzyka, ograniczenia i rekomendacje dla decyzji inwestycyjnych.                        <\/div>\n                                            <\/div>\n                    \n                <\/div>\n                                <div class=\"arcas-service-item\" data-index=\"1\">\n                    \n                                        <div class=\"arcas-service-number\">\n                        <span class=\"arcas-service-number-text\">02<\/span>\n                                                <span class=\"arcas-service-deco arcas-service-deco-line\"><\/span>\n                                            <\/div>\n                                        \n                                        \n                    <div class=\"arcas-service-content\">\n                                                <span class=\"arcas-service-deco arcas-service-deco-corner\"><\/span>\n                                                \n                                                <h3 class=\"arcas-service-title\">Koncepcje architektoniczne i modele 3D<\/h3>\n                                                \n                                                <div class=\"arcas-service-description\">\n                            Autorskie koncepcje poparte danymi i przepisami, prezentowane w formie modelu 3D oraz wizualizacji\/animacji \u2013 z wst\u0119pn\u0105 analiz\u0105 koszt\u00f3w realizacji i utrzymania.                        <\/div>\n                                            <\/div>\n                    \n                <\/div>\n                                <div class=\"arcas-service-item\" data-index=\"2\">\n                    \n                                        <div class=\"arcas-service-number\">\n                        <span class=\"arcas-service-number-text\">03<\/span>\n                                                <span class=\"arcas-service-deco arcas-service-deco-line\"><\/span>\n                                            <\/div>\n                                        \n                                        \n                    <div class=\"arcas-service-content\">\n                                                <span class=\"arcas-service-deco arcas-service-deco-corner\"><\/span>\n                                                \n                                                <h3 class=\"arcas-service-title\">Projekty budowlane, techniczne i wykonawcze (wielobran\u017cowe)<\/h3>\n                                                \n                                                <div class=\"arcas-service-description\">\n                            Kompleksowa dokumentacja projektowa prowadzona w \u015bcis\u0142ej koordynacji bran\u017cowej.                        <\/div>\n                                            <\/div>\n                    \n                <\/div>\n                                <div class=\"arcas-service-item\" data-index=\"3\">\n                    \n                                        <div class=\"arcas-service-number\">\n                        <span class=\"arcas-service-number-text\">04<\/span>\n                                                <span class=\"arcas-service-deco arcas-service-deco-line\"><\/span>\n                                            <\/div>\n                                        \n                                        \n                    <div class=\"arcas-service-content\">\n                                                <span class=\"arcas-service-deco arcas-service-deco-corner\"><\/span>\n                                                \n                                                <h3 class=\"arcas-service-title\">Koordynacja i optymalizacja<\/h3>\n                                                \n                                                <div class=\"arcas-service-description\">\n                            Rozwi\u0105zania zoptymalizowane pod k\u0105tem bud\u017cetu, harmonogramu, wykonawstwa i p\u00f3\u017aniejszej eksploatacji \u2013 bez kompromis\u00f3w jako\u015bciowych.                        <\/div>\n                                            <\/div>\n                    \n                <\/div>\n                                <div class=\"arcas-service-item\" data-index=\"4\">\n                    \n                                        <div class=\"arcas-service-number\">\n                        <span class=\"arcas-service-number-text\">05<\/span>\n                                                <span class=\"arcas-service-deco arcas-service-deco-line\"><\/span>\n                                            <\/div>\n                                        \n                                        \n                    <div class=\"arcas-service-content\">\n                                                <span class=\"arcas-service-deco arcas-service-deco-corner\"><\/span>\n                                                \n                                                <h3 class=\"arcas-service-title\">Nadzory autorskie i wsparcie na etapie realizacji<\/h3>\n                                                \n                                                <div class=\"arcas-service-description\">\n                            Sta\u0142a kontrola zgodno\u015bci realizacji z projektem oraz koordynacja mi\u0119dzybran\u017cowa w trakcie budowy \u2013 dla sprawnego procesu i jako\u015bci efektu ko\u0144cowego.                        <\/div>\n                                            <\/div>\n                    \n                <\/div>\n                                <div class=\"arcas-service-item\" data-index=\"5\">\n                    \n                                        <div class=\"arcas-service-number\">\n                        <span class=\"arcas-service-number-text\">06<\/span>\n                                                <span class=\"arcas-service-deco arcas-service-deco-line\"><\/span>\n                                            <\/div>\n                                        \n                                        \n                    <div class=\"arcas-service-content\">\n                                                <span class=\"arcas-service-deco arcas-service-deco-corner\"><\/span>\n                                                \n                                                <h3 class=\"arcas-service-title\">Nadzory inwestorskie<\/h3>\n                                                \n                                                <div class=\"arcas-service-description\">\n                            Kontrola realizacji w imieniu inwestora: bie\u017c\u0105ca weryfikacja jako\u015bci i zgodno\u015bci rob\u00f3t z projektem, przepisami oraz ustaleniami kontraktowymi, udzia\u0142 w kluczowych odbiorach i rozliczeniach \u2013 dla utrzymania standardu, bud\u017cetu i termin\u00f3w.                        <\/div>\n                                            <\/div>\n                    \n                <\/div>\n                                <div class=\"arcas-service-item\" data-index=\"6\">\n                    \n                                        <div class=\"arcas-service-number\">\n                        <span class=\"arcas-service-number-text\">07<\/span>\n                                                <span class=\"arcas-service-deco arcas-service-deco-line\"><\/span>\n                                            <\/div>\n                                        \n                                        \n                    <div class=\"arcas-service-content\">\n                                                <span class=\"arcas-service-deco arcas-service-deco-corner\"><\/span>\n                                                \n                                                <h3 class=\"arcas-service-title\">Kosztorysy i kontrola bud\u017cetu<\/h3>\n                                                \n                                                <div class=\"arcas-service-description\">\n                            Kosztorysy inwestycyjne ju\u017c od etapu koncepcji \u2013 dla \u015bwiadomych decyzji i przewidywalnego procesu.                        <\/div>\n                                            <\/div>\n                    \n                <\/div>\n                            <\/div>\n            \n        <\/div>\n        <\/div><\/div>\n\n<\/div><\/div>\n\n<style>.kb-row-layout-wrap.wp-block-kadence-rowlayout.kb-row-layout-id66_b73e17-1e{margin-top:0px;margin-bottom:var(--global-kb-spacing-xl, 4rem);}.kb-row-layout-id66_b73e17-1e > .kt-row-column-wrap{align-content:start;}:where(.kb-row-layout-id66_b73e17-1e > .kt-row-column-wrap) > .wp-block-kadence-column{justify-content:start;}.kb-row-layout-id66_b73e17-1e > .kt-row-column-wrap{column-gap:var(--global-kb-gap-md, 2rem);row-gap:var(--global-kb-gap-md, 2rem);max-width:var( --global-content-width, 1490px );padding-left:var(--global-content-edge-padding);padding-right:var(--global-content-edge-padding);padding-top:0px;grid-template-columns:minmax(0, 1fr);}.kb-row-layout-id66_b73e17-1e{border-top:0px solid var(--global-palette7, #EDF2F7);}.kb-row-layout-id66_b73e17-1e > .kt-row-layout-overlay{opacity:0.30;}@media all and (max-width: 1024px){.kb-row-layout-id66_b73e17-1e > .kt-row-column-wrap{grid-template-columns:minmax(0, 1fr);}}@media all and (max-width: 1024px){.kb-row-layout-id66_b73e17-1e{border-top:0px solid var(--global-palette7, #EDF2F7);}}@media all and (max-width: 767px){.kb-row-layout-id66_b73e17-1e > .kt-row-column-wrap{grid-template-columns:minmax(0, 1fr);}.kb-row-layout-id66_b73e17-1e{border-top:0px solid var(--global-palette7, #EDF2F7);}}<\/style><div class=\"kb-row-layout-wrap kb-row-layout-id66_b73e17-1e alignnone kt-row-has-bg wp-block-kadence-rowlayout\"><div class=\"kt-row-column-wrap kt-has-1-columns kt-row-layout-equal kt-tab-layout-inherit kt-mobile-layout-row kt-row-valign-top kb-theme-content-width\">\n<style>.kadence-column66_aa2aba-76 > .kt-inside-inner-col{padding-top:var(--global-kb-spacing-lg, 3rem);}.kadence-column66_aa2aba-76 > .kt-inside-inner-col{border-top:1px solid var(--global-palette7, #EDF2F7);border-right:0px solid var(--global-palette7, #EDF2F7);border-bottom:0px solid var(--global-palette7, #EDF2F7);border-left:0px solid var(--global-palette7, #EDF2F7);}.kadence-column66_aa2aba-76 > .kt-inside-inner-col,.kadence-column66_aa2aba-76 > .kt-inside-inner-col:before{border-top-left-radius:0px;border-top-right-radius:0px;border-bottom-right-radius:0px;border-bottom-left-radius:0px;}.kadence-column66_aa2aba-76 > .kt-inside-inner-col{column-gap:var(--global-kb-gap-sm, 1rem);}.kadence-column66_aa2aba-76 > .kt-inside-inner-col{flex-direction:column;}.kadence-column66_aa2aba-76 > .kt-inside-inner-col > .aligncenter{width:100%;}.kadence-column66_aa2aba-76 > .kt-inside-inner-col:before{opacity:0.3;}.kadence-column66_aa2aba-76{position:relative;}@media all and (max-width: 1024px){.kadence-column66_aa2aba-76 > .kt-inside-inner-col{border-top:1px solid var(--global-palette7, #EDF2F7);border-right:0px solid var(--global-palette7, #EDF2F7);border-bottom:0px solid var(--global-palette7, #EDF2F7);border-left:0px solid var(--global-palette7, #EDF2F7);flex-direction:column;justify-content:center;}}@media all and (max-width: 767px){.kadence-column66_aa2aba-76 > .kt-inside-inner-col{border-top:1px solid var(--global-palette7, #EDF2F7);border-right:0px solid var(--global-palette7, #EDF2F7);border-bottom:0px solid var(--global-palette7, #EDF2F7);border-left:0px solid var(--global-palette7, #EDF2F7);flex-direction:column;justify-content:center;}}<\/style>\n<div class=\"wp-block-kadence-column kadence-column66_aa2aba-76\"><div class=\"kt-inside-inner-col\">        <section id=\"arcas-cta-6a080c824f4d7\" \n                 class=\"arcas-architect-cta arcas-cta-layout-centered arcas-cta-decor-elegant-lines arcas-cta-btn-filled\"\n                 data-animate=\"true\"\n                 style=\"--arcas-frame-color: #141414; \n                        --arcas-accent-color: #555555; \n                        --arcas-bg-color: transparent;\n                        --arcas-line-weight: 1px;\n                        --arcas-heading-size: 38px;\n                        --arcas-heading-size-mobile: 30px;\n                        --arcas-subheading-size: 14px;\n                        --arcas-content-size: 19px;\n                        --arcas-content-size-mobile: 17px;\n                        --arcas-button-size: 15px;\n                        padding-top: 40px;\n                        padding-bottom: 40px;\">\n            \n                        <!-- Dekoracje t\u0142a -->\n            <div class=\"arcas-cta-decorations\">\n                \n                                <!-- Linie dekoracyjne -->\n                <span class=\"arcas-cta-deco-line arcas-cta-deco-line-1\"><\/span>\n                <span class=\"arcas-cta-deco-line arcas-cta-deco-line-2\"><\/span>\n                <span class=\"arcas-cta-deco-line arcas-cta-deco-line-3\"><\/span>\n                <span class=\"arcas-cta-deco-line arcas-cta-deco-line-4\"><\/span>\n                                \n                                \n                                \n            <\/div>\n                        \n            <div class=\"arcas-cta-inner\">\n                \n                                \n                <div class=\"arcas-cta-content\">\n                    \n                                        <div class=\"arcas-cta-subheading\">\n                        <span class=\"arcas-cta-subheading-line\"><\/span>\n                        <span class=\"arcas-cta-subheading-text\">PRECYZYJNY START<\/span>\n                    <\/div>\n                                        \n                                        <h2 class=\"arcas-cta-heading\">\n                        Przejd\u017amy od plan\u00f3w do dzia\u0142ania                    <\/h2>\n                                        \n                                        <div class=\"arcas-cta-text\">\n                        <p>Wyb\u00f3r odpowiedniego zakresu us\u0142ug to klucz do sprawnej i bezpiecznej realizacji inwestycji. Skontaktuj si\u0119 z nami, aby otrzyma\u0107 ofert\u0119 dopasowan\u0105 do Twoich potrzeb lub zam\u00f3wi\u0107 wst\u0119pn\u0105 analiz\u0119 ch\u0142onno\u015bci dzia\u0142ki. Pozw\u00f3l nam zadba\u0107 o stron\u0119 techniczn\u0105 i bud\u017cetow\u0105 Twojego przedsi\u0119wzi\u0119cia.<\/p>\n                    <\/div>\n                                        \n                                        <div class=\"arcas-cta-buttons\">\n                        \n                                                <a href=\"\/kontakt\/\" class=\"arcas-cta-button arcas-cta-button-primary\">\n                            <span class=\"arcas-cta-button-text\">Popro\u015b o wycen\u0119 lub analiz\u0119<\/span>\n                            <span class=\"arcas-cta-button-line\"><\/span>\n                            <svg class=\"arcas-cta-button-arrow\" viewBox=\"0 0 24 24\" fill=\"none\" stroke=\"currentColor\" stroke-width=\"1.5\">\n                                <path d=\"M5 12h14M12 5l7 7-7 7\"\/>\n                            <\/svg>\n                        <\/a>\n                                                \n                                                \n                    <\/div>\n                                        \n                <\/div>\n                \n            <\/div>\n            \n        <\/section>\n        <\/div><\/div>\n\n<\/div><\/div>","protected":false},"excerpt":{"rendered":"<p>Our services<\/p>","protected":false},"author":3,"featured_media":0,"parent":0,"menu_order":0,"comment_status":"closed","ping_status":"closed","template":"","meta":{"_kad_blocks_custom_css":"","_kad_blocks_head_custom_js":"","_kad_blocks_body_custom_js":"","_kad_blocks_footer_custom_js":"","_kad_post_transparent":"","_kad_post_title":"","_kad_post_layout":"","_kad_post_sidebar_id":"","_kad_post_content_style":"","_kad_post_vertical_padding":"","_kad_post_feature":"","_kad_post_feature_position":"","_kad_post_header":false,"_kad_post_footer":false,"_kad_post_classname":"","footnotes":""},"class_list":["post-66","page","type-page","status-publish","hentry"],"taxonomy_info":[],"featured_image_src_large":false,"author_info":{"display_name":"Micha\u0142","author_link":"https:\/\/arcasbaltyk.pl\/en\/author\/michal\/"},"comment_info":0,"_links":{"self":[{"href":"https:\/\/arcasbaltyk.pl\/en\/wp-json\/wp\/v2\/pages\/66","targetHints":{"allow":["GET"]}}],"collection":[{"href":"https:\/\/arcasbaltyk.pl\/en\/wp-json\/wp\/v2\/pages"}],"about":[{"href":"https:\/\/arcasbaltyk.pl\/en\/wp-json\/wp\/v2\/types\/page"}],"author":[{"embeddable":true,"href":"https:\/\/arcasbaltyk.pl\/en\/wp-json\/wp\/v2\/users\/3"}],"replies":[{"embeddable":true,"href":"https:\/\/arcasbaltyk.pl\/en\/wp-json\/wp\/v2\/comments?post=66"}],"version-history":[{"count":0,"href":"https:\/\/arcasbaltyk.pl\/en\/wp-json\/wp\/v2\/pages\/66\/revisions"}],"wp:attachment":[{"href":"https:\/\/arcasbaltyk.pl\/en\/wp-json\/wp\/v2\/media?parent=66"}],"curies":[{"name":"wp","href":"https:\/\/api.w.org\/{rel}","templated":true}]}}